{"id":188,"date":"2026-03-22T06:09:20","date_gmt":"2026-03-22T06:09:20","guid":{"rendered":"https:\/\/shop456.azdigi.shop\/?post_type=product&#038;p=188"},"modified":"2026-04-14T18:23:18","modified_gmt":"2026-04-14T18:23:18","slug":"iphone-17","status":"publish","type":"product","link":"https:\/\/shop456.azdigi.shop\/?product=iphone-17","title":{"rendered":"iPhone 17"},"content":{"rendered":"<h2 data-path-to-node=\"0\"><b data-path-to-node=\"0\" data-index-in-node=\"0\">iPhone 17: Tuy\u1ec7t ph\u1ea9m ph\u1ed5 qu\u00e1t \u2013 S\u1ee9c m\u1ea1nh Pro trong thi\u1ebft k\u1ebf chu\u1ea9n m\u1ef1c<\/b><\/h2>\n<p data-path-to-node=\"1\">N\u1ebfu nh\u01b0 d\u00f2ng Pro Max l\u00e0 bi\u1ec3u t\u01b0\u1ee3ng c\u1ee7a s\u1ef1 c\u1ef1c h\u1ea1n, th\u00ec <b data-path-to-node=\"1\" data-index-in-node=\"55\">iPhone 17<\/b> ch\u00ednh l\u00e0 c\u00e2u tr\u1ea3 l\u1eddi ho\u00e0n h\u1ea3o cho nh\u1eefng ai t\u00ecm ki\u1ebfm s\u1ef1 c\u00e2n b\u1eb1ng tuy\u1ec7t \u0111\u1ed1i gi\u1eefa c\u00f4ng ngh\u1ec7 \u0111\u1ec9nh cao v\u00e0 t\u00ednh \u1ee9ng d\u1ee5ng th\u1ef1c t\u1ebf. \u0110\u00e2y kh\u00f4ng c\u00f2n l\u00e0 m\u1ed9t phi\u00ean b\u1ea3n &#8220;r\u00fat g\u1ecdn&#8221;, m\u00e0 l\u00e0 m\u1ed9t tuy\u00ean ng\u00f4n m\u1edbi v\u1ec1 vi\u1ec7c \u0111\u01b0a nh\u1eefng tr\u1ea3i nghi\u1ec7m cao c\u1ea5p nh\u1ea5t tr\u1edf n\u00ean ph\u1ed5 qu\u00e1t h\u01a1n bao gi\u1edd h\u1ebft.<\/p>\n<p data-path-to-node=\"2\">Thay \u0111\u1ed5i mang t\u00ednh b\u01b0\u1edbc ngo\u1eb7t nh\u1ea5t tr\u00ean iPhone 17 ch\u00ednh l\u00e0 s\u1ef1 xu\u1ea5t hi\u1ec7n c\u1ee7a c\u00f4ng ngh\u1ec7 <b data-path-to-node=\"2\" data-index-in-node=\"86\">ProMotion 120Hz<\/b> tr\u00ean d\u00f2ng ti\u00eau chu\u1ea9n. Gi\u1edd \u0111\u00e2y, m\u1ecdi chuy\u1ec3n \u0111\u1ed9ng, t\u1eeb thao t\u00e1c l\u01b0\u1edbt web \u0111\u1ebfn nh\u1eefng pha h\u00e0nh \u0111\u1ed9ng trong game, \u0111\u1ec1u tr\u1edf n\u00ean m\u01b0\u1ee3t m\u00e0 \u0111\u1ebfn kinh ng\u1ea1c \u2014 m\u1ed9t \u0111\u1eb7c quy\u1ec1n v\u1ed1n tr\u01b0\u1edbc \u0111\u00e2y ch\u1ec9 d\u00e0nh ri\u00eang cho c\u00e1c d\u00f2ng Pro. \u0110i k\u00e8m v\u1edbi \u0111\u00f3 l\u00e0 thi\u1ebft k\u1ebf tinh x\u1ea3o, m\u1ecfng nh\u1eb9 h\u01a1n nh\u01b0ng l\u1ea1i \u1ea9n ch\u1ee9a m\u1ed9t \u0111\u1ed9 b\u1ec1n \u0111\u00e1ng n\u1ec3, gi\u00fap b\u1ea1n t\u1ef1 tin mang theo trong m\u1ecdi h\u00e0nh tr\u00ecnh th\u01b0\u1eddng nh\u1eadt.<\/p>\n<p data-path-to-node=\"3\">&#8220;Tr\u00e1i tim&#8221; c\u1ee7a m\u00e1y l\u00e0 chip <b data-path-to-node=\"3\" data-index-in-node=\"27\">A19<\/b> m\u1ea1nh m\u1ebd, \u0111\u01b0\u1ee3c t\u1ed1i \u01b0u h\u00f3a s\u00e2u s\u1eafc \u0111\u1ec3 v\u1eadn h\u00e0nh h\u1ec7 th\u1ed1ng <b data-path-to-node=\"3\" data-index-in-node=\"85\">Apple Intelligence<\/b> m\u1ed9t c\u00e1ch tr\u01a1n tru. iPhone 17 kh\u00f4ng ch\u1ec9 ph\u1ea3n h\u1ed3i y\u00eau c\u1ea7u c\u1ee7a b\u1ea1n, n\u00f3 h\u1ecdc h\u1ecfi v\u00e0 d\u1ef1 \u0111o\u00e1n nhu c\u1ea7u c\u1ee7a b\u1ea1n. T\u1eeb vi\u1ec7c t\u00f3m t\u1eaft t\u00e0i li\u1ec7u th\u00f4ng minh \u0111\u1ebfn vi\u1ec7c ch\u1ec9nh s\u1eeda \u1ea3nh chuy\u00ean nghi\u1ec7p ch\u1ec9 b\u1eb1ng m\u1ed9t c\u00fa ch\u1ea1m, m\u1ecdi th\u1ee9 \u0111\u1ec1u di\u1ec5n ra t\u1ee9c th\u00ec. H\u1ec7 th\u1ed1ng camera k\u00e9p 48MP \u0111\u01b0\u1ee3c n\u00e2ng c\u1ea5p m\u1ea1nh m\u1ebd v\u1ec1 kh\u1ea3 n\u0103ng x\u1eed l\u00fd \u1ea3nh thi\u1ebfu s\u00e1ng, gi\u00fap b\u1ea1n b\u1eaft tr\u1ecdn nh\u1eefng kho\u1ea3nh kh\u1eafc \u0111\u1eddi th\u01b0\u1eddng t\u1ea1i S\u00e0i G\u00f2n v\u1edbi \u0111\u1ed9 chi ti\u1ebft v\u00e0 m\u00e0u s\u1eafc ch\u00e2n th\u1ef1c nh\u01b0 m\u1ed9t chi\u1ebfc m\u00e1y \u1ea3nh k\u1ef9 thu\u1eadt s\u1ed1.<\/p>\n<p data-path-to-node=\"4\">S\u1edf h\u1eefu iPhone 17 l\u00e0 b\u1ea1n \u0111ang s\u1edf h\u1eefu m\u1ed9t thi\u1ebft b\u1ecb d\u1eabn \u0111\u1ea7u xu h\u01b0\u1edbng, b\u1ec1n b\u1ec9 theo th\u1eddi gian v\u00e0 lu\u00f4n s\u1eb5n s\u00e0ng cho t\u01b0\u01a1ng lai c\u1ee7a tr\u00ed tu\u1ec7 nh\u00e2n t\u1ea1o. S\u1ef1 tinh t\u1ebf kh\u00f4ng n\u1eb1m \u1edf nh\u1eefng g\u00ec ph\u00f4 tr\u01b0\u01a1ng nh\u1ea5t, m\u00e0 n\u1eb1m \u1edf tr\u1ea3i nghi\u1ec7m m\u01b0\u1ee3t m\u00e0 nh\u1ea5t m\u1ed7i khi b\u1ea1n m\u1edf m\u00e1y.<\/p>\n<hr data-path-to-node=\"5\" \/>\n<h3 data-path-to-node=\"6\"><b data-path-to-node=\"6\" data-index-in-node=\"0\">Nh\u1eefng n\u00e2ng c\u1ea5p kh\u00f4ng th\u1ec3 b\u1ecf qua:<\/b><\/h3>\n<ul data-path-to-node=\"7\">\n<li>\n<p data-path-to-node=\"7,0,0\"><b data-path-to-node=\"7,0,0\" data-index-in-node=\"0\">M\u00e0n h\u00ecnh 120Hz ProMotion:<\/b> L\u1ea7n \u0111\u1ea7u ti\u00ean xu\u1ea5t hi\u1ec7n tr\u00ean d\u00f2ng ti\u00eau chu\u1ea9n, mang l\u1ea1i tr\u1ea3i nghi\u1ec7m th\u1ecb gi\u00e1c c\u1ef1c \u0111\u1ec9nh.<\/p>\n<\/li>\n<li>\n<p data-path-to-node=\"7,1,0\"><b data-path-to-node=\"7,1,0\" data-index-in-node=\"0\">Chip A19 m\u1ea1nh m\u1ebd:<\/b> \u0110\u1ea3m b\u1ea3o hi\u1ec7u n\u0103ng v\u01b0\u1ee3t tr\u1ed9i v\u00e0 h\u1ed7 tr\u1ee3 AI to\u00e0n di\u1ec7n trong nhi\u1ec1u n\u0103m t\u1edbi.<\/p>\n<\/li>\n<li>\n<p data-path-to-node=\"7,2,0\"><b data-path-to-node=\"7,2,0\" data-index-in-node=\"0\">Apple Intelligence:<\/b> Tr\u1ee3 l\u00fd \u1ea3o th\u00f4ng minh h\u01a1n, c\u00e1 nh\u00e2n h\u00f3a h\u01a1n v\u00e0 b\u1ea3o m\u1eadt tuy\u1ec7t \u0111\u1ed1i.<\/p>\n<\/li>\n<li>\n<p data-path-to-node=\"7,3,0\"><b data-path-to-node=\"7,3,0\" data-index-in-node=\"0\">M\u00e0u s\u1eafc th\u1eddi th\u01b0\u1ee3ng:<\/b> Nh\u1eefng t\u00f9y ch\u1ecdn m\u00e0u m\u1edbi \u0111\u1eadm ch\u1ea5t c\u00e1 t\u00ednh v\u00e0 tr\u1ebb trung.<\/p>\n<\/li>\n<\/ul>\n","protected":false},"excerpt":{"rendered":"<p><strong>iPhone 17<\/strong>\u00a0l\u00e0 phi\u00ean b\u1ea3n c\u1ea5u h\u00ecnh b\u1ed9 nh\u1edb cao nh\u1ea5t \u0111\u01b0\u1ee3c ra m\u1eaft v\u00e0o th\u00e1ng 9\/2025 t\u1ea1i th\u1ecb tr\u01b0\u1eddng to\u00e0n c\u1ea7u. S\u1ea3n ph\u1ea9m n\u00e0y g\u00e2y \u1ea5n t\u01b0\u1ee3ng v\u1edbi b\u1ed9 nh\u1edb 512GB, chip Apple A19, m\u00e0n LTPO Super Retina XDR OLED 6.3 inch 120Hz, camera 48MP, \u0111\u1ed9 b\u1ec1n IP68 v\u00e0 t\u00edch h\u1ee3p iOS 26 m\u1edbi nh\u1ea5t.<\/p>\n","protected":false},"featured_media":20,"comment_status":"open","ping_status":"closed","template":"","meta":[],"product_brand":[],"product_cat":[17],"product_tag":[],"class_list":{"0":"post-188","1":"product","2":"type-product","3":"status-publish","4":"has-post-thumbnail","6":"product_cat-iphone-17","8":"first","9":"instock","10":"sale","11":"shipping-taxable","12":"purchasable","13":"product-type-variable"},"yoast_head":"<!-- This site is optimized with the Yoast SEO plugin v27.0 - https:\/\/yoast.com\/product\/yoast-seo-wordpress\/ -->\n<title>iPhone 17 - mobile<\/title>\n<meta name=\"robots\" content=\"index, follow, max-snippet:-1, max-image-preview:large, max-video-preview:-1\" \/>\n<link rel=\"canonical\" href=\"https:\/\/shop456.azdigi.shop\/?product=iphone-17\" \/>\n<meta property=\"og:locale\" content=\"vi_VN\" \/>\n<meta property=\"og:type\" content=\"article\" \/>\n<meta property=\"og:title\" content=\"iPhone 17 - mobile\" \/>\n<meta property=\"og:description\" content=\"iPhone 17\u00a0l\u00e0 phi\u00ean b\u1ea3n c\u1ea5u h\u00ecnh b\u1ed9 nh\u1edb cao nh\u1ea5t \u0111\u01b0\u1ee3c ra m\u1eaft v\u00e0o th\u00e1ng 9\/2025 t\u1ea1i th\u1ecb tr\u01b0\u1eddng to\u00e0n c\u1ea7u. S\u1ea3n ph\u1ea9m n\u00e0y g\u00e2y \u1ea5n t\u01b0\u1ee3ng v\u1edbi b\u1ed9 nh\u1edb 512GB, chip Apple A19, m\u00e0n LTPO Super Retina XDR OLED 6.3 inch 120Hz, camera 48MP, \u0111\u1ed9 b\u1ec1n IP68 v\u00e0 t\u00edch h\u1ee3p iOS 26 m\u1edbi nh\u1ea5t.\" \/>\n<meta property=\"og:url\" content=\"https:\/\/shop456.azdigi.shop\/?product=iphone-17\" \/>\n<meta property=\"og:site_name\" content=\"mobile\" \/>\n<meta property=\"article:modified_time\" content=\"2026-04-14T18:23:18+00:00\" \/>\n<meta property=\"og:image\" content=\"https:\/\/shop456.azdigi.shop\/wp-content\/uploads\/2026\/02\/iphone-17-tim.jpg\" \/>\n\t<meta property=\"og:image:width\" content=\"400\" \/>\n\t<meta property=\"og:image:height\" content=\"400\" \/>\n\t<meta property=\"og:image:type\" content=\"image\/jpeg\" \/>\n<meta name=\"twitter:card\" content=\"summary_large_image\" \/>\n<meta name=\"twitter:label1\" content=\"\u01af\u1edbc t\u00ednh th\u1eddi gian \u0111\u1ecdc\" \/>\n\t<meta name=\"twitter:data1\" content=\"3 ph\u00fat\" \/>\n<script type=\"application\/ld+json\" class=\"yoast-schema-graph\">{\"@context\":\"https:\/\/schema.org\",\"@graph\":[{\"@type\":\"WebPage\",\"@id\":\"https:\/\/shop456.azdigi.shop\/?product=iphone-17\",\"url\":\"https:\/\/shop456.azdigi.shop\/?product=iphone-17\",\"name\":\"iPhone 17 - mobile\",\"isPartOf\":{\"@id\":\"https:\/\/shop456.azdigi.shop\/#website\"},\"primaryImageOfPage\":{\"@id\":\"https:\/\/shop456.azdigi.shop\/?product=iphone-17#primaryimage\"},\"image\":{\"@id\":\"https:\/\/shop456.azdigi.shop\/?product=iphone-17#primaryimage\"},\"thumbnailUrl\":\"https:\/\/shop456.azdigi.shop\/wp-content\/uploads\/2026\/02\/iphone-17-tim.jpg\",\"datePublished\":\"2026-03-22T06:09:20+00:00\",\"dateModified\":\"2026-04-14T18:23:18+00:00\",\"breadcrumb\":{\"@id\":\"https:\/\/shop456.azdigi.shop\/?product=iphone-17#breadcrumb\"},\"inLanguage\":\"vi\",\"potentialAction\":[{\"@type\":\"ReadAction\",\"target\":[\"https:\/\/shop456.azdigi.shop\/?product=iphone-17\"]}]},{\"@type\":\"ImageObject\",\"inLanguage\":\"vi\",\"@id\":\"https:\/\/shop456.azdigi.shop\/?product=iphone-17#primaryimage\",\"url\":\"https:\/\/shop456.azdigi.shop\/wp-content\/uploads\/2026\/02\/iphone-17-tim.jpg\",\"contentUrl\":\"https:\/\/shop456.azdigi.shop\/wp-content\/uploads\/2026\/02\/iphone-17-tim.jpg\",\"width\":400,\"height\":400},{\"@type\":\"BreadcrumbList\",\"@id\":\"https:\/\/shop456.azdigi.shop\/?product=iphone-17#breadcrumb\",\"itemListElement\":[{\"@type\":\"ListItem\",\"position\":1,\"name\":\"Trang ch\u1ee7\",\"item\":\"https:\/\/shop456.azdigi.shop\/\"},{\"@type\":\"ListItem\",\"position\":2,\"name\":\"C\u1eeda h\u00e0ng\",\"item\":\"https:\/\/shop456.azdigi.shop\/?page_id=177\"},{\"@type\":\"ListItem\",\"position\":3,\"name\":\"iPhone 17\"}]},{\"@type\":\"WebSite\",\"@id\":\"https:\/\/shop456.azdigi.shop\/#website\",\"url\":\"https:\/\/shop456.azdigi.shop\/\",\"name\":\"mobile\",\"description\":\"\",\"publisher\":{\"@id\":\"https:\/\/shop456.azdigi.shop\/#\/schema\/person\/5ef6d85235a833aa2e13ad71e9b4db4a\"},\"potentialAction\":[{\"@type\":\"SearchAction\",\"target\":{\"@type\":\"EntryPoint\",\"urlTemplate\":\"https:\/\/shop456.azdigi.shop\/?s={search_term_string}\"},\"query-input\":{\"@type\":\"PropertyValueSpecification\",\"valueRequired\":true,\"valueName\":\"search_term_string\"}}],\"inLanguage\":\"vi\"},{\"@type\":[\"Person\",\"Organization\"],\"@id\":\"https:\/\/shop456.azdigi.shop\/#\/schema\/person\/5ef6d85235a833aa2e13ad71e9b4db4a\",\"name\":\"Kiet\",\"image\":{\"@type\":\"ImageObject\",\"inLanguage\":\"vi\",\"@id\":\"https:\/\/shop456.azdigi.shop\/#\/schema\/person\/image\/\",\"url\":\"https:\/\/shop456.azdigi.shop\/wp-content\/uploads\/2026\/02\/images.png\",\"contentUrl\":\"https:\/\/shop456.azdigi.shop\/wp-content\/uploads\/2026\/02\/images.png\",\"width\":363,\"height\":139,\"caption\":\"Kiet\"},\"logo\":{\"@id\":\"https:\/\/shop456.azdigi.shop\/#\/schema\/person\/image\/\"},\"sameAs\":[\"https:\/\/shop456.azdigi.shop\"]}]}<\/script>\n<!-- \/ Yoast SEO plugin. -->","yoast_head_json":{"title":"iPhone 17 - mobile","robots":{"index":"index","follow":"follow","max-snippet":"max-snippet:-1","max-image-preview":"max-image-preview:large","max-video-preview":"max-video-preview:-1"},"canonical":"https:\/\/shop456.azdigi.shop\/?product=iphone-17","og_locale":"vi_VN","og_type":"article","og_title":"iPhone 17 - mobile","og_description":"iPhone 17\u00a0l\u00e0 phi\u00ean b\u1ea3n c\u1ea5u h\u00ecnh b\u1ed9 nh\u1edb cao nh\u1ea5t \u0111\u01b0\u1ee3c ra m\u1eaft v\u00e0o th\u00e1ng 9\/2025 t\u1ea1i th\u1ecb tr\u01b0\u1eddng to\u00e0n c\u1ea7u. S\u1ea3n ph\u1ea9m n\u00e0y g\u00e2y \u1ea5n t\u01b0\u1ee3ng v\u1edbi b\u1ed9 nh\u1edb 512GB, chip Apple A19, m\u00e0n LTPO Super Retina XDR OLED 6.3 inch 120Hz, camera 48MP, \u0111\u1ed9 b\u1ec1n IP68 v\u00e0 t\u00edch h\u1ee3p iOS 26 m\u1edbi nh\u1ea5t.","og_url":"https:\/\/shop456.azdigi.shop\/?product=iphone-17","og_site_name":"mobile","article_modified_time":"2026-04-14T18:23:18+00:00","og_image":[{"width":400,"height":400,"url":"https:\/\/shop456.azdigi.shop\/wp-content\/uploads\/2026\/02\/iphone-17-tim.jpg","type":"image\/jpeg"}],"twitter_card":"summary_large_image","twitter_misc":{"\u01af\u1edbc t\u00ednh th\u1eddi gian \u0111\u1ecdc":"3 ph\u00fat"},"schema":{"@context":"https:\/\/schema.org","@graph":[{"@type":"WebPage","@id":"https:\/\/shop456.azdigi.shop\/?product=iphone-17","url":"https:\/\/shop456.azdigi.shop\/?product=iphone-17","name":"iPhone 17 - mobile","isPartOf":{"@id":"https:\/\/shop456.azdigi.shop\/#website"},"primaryImageOfPage":{"@id":"https:\/\/shop456.azdigi.shop\/?product=iphone-17#primaryimage"},"image":{"@id":"https:\/\/shop456.azdigi.shop\/?product=iphone-17#primaryimage"},"thumbnailUrl":"https:\/\/shop456.azdigi.shop\/wp-content\/uploads\/2026\/02\/iphone-17-tim.jpg","datePublished":"2026-03-22T06:09:20+00:00","dateModified":"2026-04-14T18:23:18+00:00","breadcrumb":{"@id":"https:\/\/shop456.azdigi.shop\/?product=iphone-17#breadcrumb"},"inLanguage":"vi","potentialAction":[{"@type":"ReadAction","target":["https:\/\/shop456.azdigi.shop\/?product=iphone-17"]}]},{"@type":"ImageObject","inLanguage":"vi","@id":"https:\/\/shop456.azdigi.shop\/?product=iphone-17#primaryimage","url":"https:\/\/shop456.azdigi.shop\/wp-content\/uploads\/2026\/02\/iphone-17-tim.jpg","contentUrl":"https:\/\/shop456.azdigi.shop\/wp-content\/uploads\/2026\/02\/iphone-17-tim.jpg","width":400,"height":400},{"@type":"BreadcrumbList","@id":"https:\/\/shop456.azdigi.shop\/?product=iphone-17#breadcrumb","itemListElement":[{"@type":"ListItem","position":1,"name":"Trang ch\u1ee7","item":"https:\/\/shop456.azdigi.shop\/"},{"@type":"ListItem","position":2,"name":"C\u1eeda h\u00e0ng","item":"https:\/\/shop456.azdigi.shop\/?page_id=177"},{"@type":"ListItem","position":3,"name":"iPhone 17"}]},{"@type":"WebSite","@id":"https:\/\/shop456.azdigi.shop\/#website","url":"https:\/\/shop456.azdigi.shop\/","name":"mobile","description":"","publisher":{"@id":"https:\/\/shop456.azdigi.shop\/#\/schema\/person\/5ef6d85235a833aa2e13ad71e9b4db4a"},"potentialAction":[{"@type":"SearchAction","target":{"@type":"EntryPoint","urlTemplate":"https:\/\/shop456.azdigi.shop\/?s={search_term_string}"},"query-input":{"@type":"PropertyValueSpecification","valueRequired":true,"valueName":"search_term_string"}}],"inLanguage":"vi"},{"@type":["Person","Organization"],"@id":"https:\/\/shop456.azdigi.shop\/#\/schema\/person\/5ef6d85235a833aa2e13ad71e9b4db4a","name":"Kiet","image":{"@type":"ImageObject","inLanguage":"vi","@id":"https:\/\/shop456.azdigi.shop\/#\/schema\/person\/image\/","url":"https:\/\/shop456.azdigi.shop\/wp-content\/uploads\/2026\/02\/images.png","contentUrl":"https:\/\/shop456.azdigi.shop\/wp-content\/uploads\/2026\/02\/images.png","width":363,"height":139,"caption":"Kiet"},"logo":{"@id":"https:\/\/shop456.azdigi.shop\/#\/schema\/person\/image\/"},"sameAs":["https:\/\/shop456.azdigi.shop"]}]}},"_links":{"self":[{"href":"https:\/\/shop456.azdigi.shop\/index.php?rest_route=\/wp\/v2\/product\/188","targetHints":{"allow":["GET"]}}],"collection":[{"href":"https:\/\/shop456.azdigi.shop\/index.php?rest_route=\/wp\/v2\/product"}],"about":[{"href":"https:\/\/shop456.azdigi.shop\/index.php?rest_route=\/wp\/v2\/types\/product"}],"replies":[{"embeddable":true,"href":"https:\/\/shop456.azdigi.shop\/index.php?rest_route=%2Fwp%2Fv2%2Fcomments&post=188"}],"wp:featuredmedia":[{"embeddable":true,"href":"https:\/\/shop456.azdigi.shop\/index.php?rest_route=\/wp\/v2\/media\/20"}],"wp:attachment":[{"href":"https:\/\/shop456.azdigi.shop\/index.php?rest_route=%2Fwp%2Fv2%2Fmedia&parent=188"}],"wp:term":[{"taxonomy":"product_brand","embeddable":true,"href":"https:\/\/shop456.azdigi.shop\/index.php?rest_route=%2Fwp%2Fv2%2Fproduct_brand&post=188"},{"taxonomy":"product_cat","embeddable":true,"href":"https:\/\/shop456.azdigi.shop\/index.php?rest_route=%2Fwp%2Fv2%2Fproduct_cat&post=188"},{"taxonomy":"product_tag","embeddable":true,"href":"https:\/\/shop456.azdigi.shop\/index.php?rest_route=%2Fwp%2Fv2%2Fproduct_tag&post=188"}],"curies":[{"name":"wp","href":"https:\/\/api.w.org\/{rel}","templated":true}]}}